{"id":41,"date":"2022-04-05T13:39:09","date_gmt":"2022-04-05T11:39:09","guid":{"rendered":"https:\/\/raffaelestasi.be\/ifosup\/CMS1\/laspirout\/?page_id=41"},"modified":"2022-05-05T13:23:39","modified_gmt":"2022-05-05T11:23:39","slug":"histoire","status":"publish","type":"page","link":"https:\/\/raffaelestasi.be\/ifosup\/CMS1\/laspirout\/club\/histoire\/","title":{"rendered":"Histoire"},"content":{"rendered":"\t\t<div data-elementor-type=\"wp-page\" data-elementor-id=\"41\" class=\"elementor elementor-41\">\n\t\t\t\t\t\t\t\t\t<section class=\"elementor-section elementor-top-section elementor-element elementor-element-213ebfd elementor-section-boxed elementor-section-height-default elementor-section-height-default\" data-id=\"213ebfd\" data-element_type=\"section\">\n\t\t\t\t\t\t<div class=\"elementor-container elementor-column-gap-default\">\n\t\t\t\t\t<div class=\"elementor-column elementor-col-25 elementor-top-column elementor-element elementor-element-b6e3027\" data-id=\"b6e3027\" data-element_type=\"column\">\n\t\t\t<div class=\"elementor-widget-wrap elementor-element-populated\">\n\t\t\t\t\t\t\t\t<div class=\"elementor-element elementor-element-8b5e8a3 elementor-align-center elementor-widget elementor-widget-button\" data-id=\"8b5e8a3\" data-element_type=\"widget\" data-widget_type=\"button.default\">\n\t\t\t\t<div class=\"elementor-widget-container\">\n\t\t\t\t\t<div class=\"elementor-button-wrapper\">\n\t\t\t<a href=\"https:\/\/raffaelestasi.be\/ifosup\/CMS1\/laspirout\/club\/\" class=\"elementor-button-link elementor-button elementor-size-lg\" role=\"button\">\n\t\t\t\t\t\t<span class=\"elementor-button-content-wrapper\">\n\t\t\t\t\t\t<span class=\"elementor-button-text\">Club<\/span>\n\t\t<\/span>\n\t\t\t\t\t<\/a>\n\t\t<\/div>\n\t\t\t\t<\/div>\n\t\t\t\t<\/div>\n\t\t\t\t\t<\/div>\n\t\t<\/div>\n\t\t\t\t<div class=\"elementor-column elementor-col-25 elementor-top-column elementor-element elementor-element-8238c37\" data-id=\"8238c37\" data-element_type=\"column\">\n\t\t\t<div class=\"elementor-widget-wrap elementor-element-populated\">\n\t\t\t\t\t\t\t\t<div class=\"elementor-element elementor-element-a89d494 elementor-align-center elementor-widget elementor-widget-button\" data-id=\"a89d494\" data-element_type=\"widget\" data-widget_type=\"button.default\">\n\t\t\t\t<div class=\"elementor-widget-container\">\n\t\t\t\t\t<div class=\"elementor-button-wrapper\">\n\t\t\t<a href=\"https:\/\/raffaelestasi.be\/ifosup\/CMS1\/laspirout\/club\/comite\/\" class=\"elementor-button-link elementor-button elementor-size-lg\" role=\"button\">\n\t\t\t\t\t\t<span class=\"elementor-button-content-wrapper\">\n\t\t\t\t\t\t<span class=\"elementor-button-text\">Comit\u00e9<\/span>\n\t\t<\/span>\n\t\t\t\t\t<\/a>\n\t\t<\/div>\n\t\t\t\t<\/div>\n\t\t\t\t<\/div>\n\t\t\t\t\t<\/div>\n\t\t<\/div>\n\t\t\t\t<div class=\"elementor-column elementor-col-25 elementor-top-column elementor-element elementor-element-37b0363\" data-id=\"37b0363\" data-element_type=\"column\">\n\t\t\t<div class=\"elementor-widget-wrap elementor-element-populated\">\n\t\t\t\t\t\t\t\t<div class=\"elementor-element elementor-element-2cc9236 elementor-align-center elementor-widget elementor-widget-button\" data-id=\"2cc9236\" data-element_type=\"widget\" data-widget_type=\"button.default\">\n\t\t\t\t<div class=\"elementor-widget-container\">\n\t\t\t\t\t<div class=\"elementor-button-wrapper\">\n\t\t\t<a href=\"https:\/\/raffaelestasi.be\/ifosup\/CMS1\/laspirout\/club\/salles\/\" class=\"elementor-button-link elementor-button elementor-size-lg\" role=\"button\">\n\t\t\t\t\t\t<span class=\"elementor-button-content-wrapper\">\n\t\t\t\t\t\t<span class=\"elementor-button-text\">Salles<\/span>\n\t\t<\/span>\n\t\t\t\t\t<\/a>\n\t\t<\/div>\n\t\t\t\t<\/div>\n\t\t\t\t<\/div>\n\t\t\t\t\t<\/div>\n\t\t<\/div>\n\t\t\t\t<div class=\"elementor-column elementor-col-25 elementor-top-column elementor-element elementor-element-6e2d3ce\" data-id=\"6e2d3ce\" data-element_type=\"column\">\n\t\t\t<div class=\"elementor-widget-wrap elementor-element-populated\">\n\t\t\t\t\t\t\t\t<div class=\"elementor-element elementor-element-a274d7c elementor-align-center elementor-widget elementor-widget-button\" data-id=\"a274d7c\" data-element_type=\"widget\" data-widget_type=\"button.default\">\n\t\t\t\t<div class=\"elementor-widget-container\">\n\t\t\t\t\t<div class=\"elementor-button-wrapper\">\n\t\t\t<a href=\"https:\/\/raffaelestasi.be\/ifosup\/CMS1\/laspirout\/club\/presse\/\" class=\"elementor-button-link elementor-button elementor-size-lg\" role=\"button\">\n\t\t\t\t\t\t<span class=\"elementor-button-content-wrapper\">\n\t\t\t\t\t\t<span class=\"elementor-button-text\">Presse<\/span>\n\t\t<\/span>\n\t\t\t\t\t<\/a>\n\t\t<\/div>\n\t\t\t\t<\/div>\n\t\t\t\t<\/div>\n\t\t\t\t\t<\/div>\n\t\t<\/div>\n\t\t\t\t\t\t\t<\/div>\n\t\t<\/section>\n\t\t\t\t<section class=\"elementor-section elementor-top-section elementor-element elementor-element-d2c3ea7 elementor-section-boxed elementor-section-height-default elementor-section-height-default\" data-id=\"d2c3ea7\" data-element_type=\"section\">\n\t\t\t\t\t\t<div class=\"elementor-container elementor-column-gap-default\">\n\t\t\t\t\t<div class=\"elementor-column elementor-col-100 elementor-top-column elementor-element elementor-element-3a9bab4\" data-id=\"3a9bab4\" data-element_type=\"column\">\n\t\t\t<div class=\"elementor-widget-wrap elementor-element-populated\">\n\t\t\t\t\t\t\t\t<div class=\"elementor-element elementor-element-7f9b44a elementor-widget elementor-widget-spacer\" data-id=\"7f9b44a\" data-element_type=\"widget\" data-widget_type=\"spacer.default\">\n\t\t\t\t<div class=\"elementor-widget-container\">\n\t\t\t<style>\/*! elementor - v3.6.5 - 27-04-2022 *\/\n.e-container.e-container--row .elementor-spacer-inner{width:var(--spacer-size)}.e-container.e-container--column .elementor-spacer-inner,.elementor-column .elementor-spacer-inner{height:var(--spacer-size)}<\/style>\t\t<div class=\"elementor-spacer\">\n\t\t\t<div class=\"elementor-spacer-inner\"><\/div>\n\t\t<\/div>\n\t\t\t\t<\/div>\n\t\t\t\t<\/div>\n\t\t\t\t\t<\/div>\n\t\t<\/div>\n\t\t\t\t\t\t\t<\/div>\n\t\t<\/section>\n\t\t\t\t<section class=\"elementor-section elementor-top-section elementor-element elementor-element-18aed59 elementor-section-boxed elementor-section-height-default elementor-section-height-default\" data-id=\"18aed59\" data-element_type=\"section\">\n\t\t\t\t\t\t<div class=\"elementor-container elementor-column-gap-default\">\n\t\t\t\t\t<div class=\"elementor-column elementor-col-100 elementor-top-column elementor-element elementor-element-18c06d8\" data-id=\"18c06d8\" data-element_type=\"column\">\n\t\t\t<div class=\"elementor-widget-wrap elementor-element-populated\">\n\t\t\t\t\t\t\t\t<div class=\"elementor-element elementor-element-cbf43a0 elementor-widget elementor-widget-heading\" data-id=\"cbf43a0\" data-element_type=\"widget\" data-widget_type=\"heading.default\">\n\t\t\t\t<div class=\"elementor-widget-container\">\n\t\t\t<style>\/*! elementor - v3.6.5 - 27-04-2022 *\/\n.elementor-heading-title{padding:0;margin:0;line-height:1}.elementor-widget-heading .elementor-heading-title[class*=elementor-size-]>a{color:inherit;font-size:inherit;line-height:inherit}.elementor-widget-heading .elementor-heading-title.elementor-size-small{font-size:15px}.elementor-widget-heading .elementor-heading-title.elementor-size-medium{font-size:19px}.elementor-widget-heading .elementor-heading-title.elementor-size-large{font-size:29px}.elementor-widget-heading .elementor-heading-title.elementor-size-xl{font-size:39px}.elementor-widget-heading .elementor-heading-title.elementor-size-xxl{font-size:59px}<\/style><h2 class=\"elementor-heading-title elementor-size-default\">Histoire du Club <\/h2>\t\t<\/div>\n\t\t\t\t<\/div>\n\t\t\t\t<div class=\"elementor-element elementor-element-0df7fee elementor-widget elementor-widget-text-editor\" data-id=\"0df7fee\" data-element_type=\"widget\" data-widget_type=\"text-editor.default\">\n\t\t\t\t<div class=\"elementor-widget-container\">\n\t\t\t<style>\/*! elementor - v3.6.5 - 27-04-2022 *\/\n.elementor-widget-text-editor.elementor-drop-cap-view-stacked .elementor-drop-cap{background-color:#818a91;color:#fff}.elementor-widget-text-editor.elementor-drop-cap-view-framed .elementor-drop-cap{color:#818a91;border:3px solid;background-color:transparent}.elementor-widget-text-editor:not(.elementor-drop-cap-view-default) .elementor-drop-cap{margin-top:8px}.elementor-widget-text-editor:not(.elementor-drop-cap-view-default) .elementor-drop-cap-letter{width:1em;height:1em}.elementor-widget-text-editor .elementor-drop-cap{float:left;text-align:center;line-height:1;font-size:50px}.elementor-widget-text-editor .elementor-drop-cap-letter{display:inline-block}<\/style>\t\t\t\t<p>Le Volley Club Chaumont a f\u00eat\u00e9 ses 40 ans en 2021!<\/p><p>Cr\u00e9\u00e9 en 1981, le Club compte aujourd\u2019hui plus de 200 membres avec 11 \u00e9quipes dont quatre \u00e9voluant au niveau de la nationale ou de la promotion et 7 \u00e9quipes en provinciales. Chaque saison, le club pr\u00e9sente de nombreuses \u00e9quipes en jeunes en parall\u00e8le, de pupilles \u00e0 juniors qui se font chaque ann\u00e9e remarquer davantage.<\/p><p>Chaque \u00e9t\u00e9, notre tournoi de beach volley r\u00e9unit de plus en plus d\u2019\u00e9quipes senior et loisirs pour f\u00eater le retour de la saison. Plus de 500 joueurs et joueuses se retrouvent le 1er w-e d\u2019ao\u00fbt.<\/p><p>V\u00e9ritable \u00e9cole de formation pour les jeunes, la Spirout Chaumont a la chance de pouvoir s\u2019appuyer sur les meilleurs entra\u00eeneurs depuis de nombreuses ann\u00e9es, qui, chaque ann\u00e9e, attirent les espoirs jeunes de la r\u00e9gion. Fait exceptionnel, le club a une \u00e9quipe Dames dans chaque division de la P4 \u00e0 la Nationale 2.<\/p><p>2019 a \u00e9t\u00e9 un cru exceptionnel avec 5 \u00e9quipes qui connaissent la mont\u00e9e la m\u00eame ann\u00e9e, ce qui nous permet de b\u00e9n\u00e9ficier d\u2019une couverture m\u00e9dia de choix : presse locale, page facebook, Instagram et site web.<\/p><p>Pour poursuivre dans la voie entam\u00e9e encore longtemps, le club peut s\u2019appuyer sur :<\/p><p>&#8211; Un encadrement de qualit\u00e9 aux jeunes de la r\u00e9gion<\/p><p>&#8211; Une cellule de pr\u00e9paration physique et de pr\u00e9vention des blesses<\/p><p>&#8211; Des \u00e9quipes seniors d\u00e9sireuses d\u2019aller le plus loin possible au sein du club<\/p>\t\t\t\t\t\t<\/div>\n\t\t\t\t<\/div>\n\t\t\t\t\t<\/div>\n\t\t<\/div>\n\t\t\t\t\t\t\t<\/div>\n\t\t<\/section>\n\t\t\t\t\t\t\t<\/div>\n\t\t","protected":false},"excerpt":{"rendered":"<p>Club Comit\u00e9 Salles Presse Histoire du Club Le Volley Club Chaumont a f\u00eat\u00e9 ses 40 ans en 2021! Cr\u00e9\u00e9 en 1981, le Club compte aujourd\u2019hui plus de 200 membres avec 11 \u00e9quipes dont quatre \u00e9voluant au niveau de la nationale ou de la promotion et 7 \u00e9quipes en provinciales. Chaque saison, le club pr\u00e9sente de [&hellip;]<\/p>\n","protected":false},"author":1,"featured_media":0,"parent":28,"menu_order":3,"comment_status":"closed","ping_status":"closed","template":"","meta":{"footnotes":""},"class_list":["post-41","page","type-page","status-publish","hentry"],"_links":{"self":[{"href":"https:\/\/raffaelestasi.be\/ifosup\/CMS1\/laspirout\/wp-json\/wp\/v2\/pages\/41","targetHints":{"allow":["GET"]}}],"collection":[{"href":"https:\/\/raffaelestasi.be\/ifosup\/CMS1\/laspirout\/wp-json\/wp\/v2\/pages"}],"about":[{"href":"https:\/\/raffaelestasi.be\/ifosup\/CMS1\/laspirout\/wp-json\/wp\/v2\/types\/page"}],"author":[{"embeddable":true,"href":"https:\/\/raffaelestasi.be\/ifosup\/CMS1\/laspirout\/wp-json\/wp\/v2\/users\/1"}],"replies":[{"embeddable":true,"href":"https:\/\/raffaelestasi.be\/ifosup\/CMS1\/laspirout\/wp-json\/wp\/v2\/comments?post=41"}],"version-history":[{"count":7,"href":"https:\/\/raffaelestasi.be\/ifosup\/CMS1\/laspirout\/wp-json\/wp\/v2\/pages\/41\/revisions"}],"predecessor-version":[{"id":512,"href":"https:\/\/raffaelestasi.be\/ifosup\/CMS1\/laspirout\/wp-json\/wp\/v2\/pages\/41\/revisions\/512"}],"up":[{"embeddable":true,"href":"https:\/\/raffaelestasi.be\/ifosup\/CMS1\/laspirout\/wp-json\/wp\/v2\/pages\/28"}],"wp:attachment":[{"href":"https:\/\/raffaelestasi.be\/ifosup\/CMS1\/laspirout\/wp-json\/wp\/v2\/media?parent=41"}],"curies":[{"name":"wp","href":"https:\/\/api.w.org\/{rel}","templated":true}]}}