{"id":43,"date":"2022-04-05T13:39:09","date_gmt":"2022-04-05T11:39:09","guid":{"rendered":"https:\/\/raffaelestasi.be\/ifosup\/CMS1\/laspirout\/?page_id=43"},"modified":"2022-05-05T13:34:36","modified_gmt":"2022-05-05T11:34:36","slug":"comite","status":"publish","type":"page","link":"https:\/\/raffaelestasi.be\/ifosup\/CMS1\/laspirout\/club\/comite\/","title":{"rendered":"Comit\u00e9"},"content":{"rendered":"\t\t<div data-elementor-type=\"wp-page\" data-elementor-id=\"43\" class=\"elementor elementor-43\">\n\t\t\t\t\t\t\t\t\t<section class=\"elementor-section elementor-top-section elementor-element elementor-element-b538a37 elementor-section-boxed elementor-section-height-default elementor-section-height-default\" data-id=\"b538a37\" data-element_type=\"section\">\n\t\t\t\t\t\t<div class=\"elementor-container elementor-column-gap-default\">\n\t\t\t\t\t<div class=\"elementor-column elementor-col-25 elementor-top-column elementor-element elementor-element-60b195b\" data-id=\"60b195b\" data-element_type=\"column\">\n\t\t\t<div class=\"elementor-widget-wrap elementor-element-populated\">\n\t\t\t\t\t\t\t\t<div class=\"elementor-element elementor-element-378a6bc elementor-align-center elementor-widget elementor-widget-button\" data-id=\"378a6bc\" data-element_type=\"widget\" data-widget_type=\"button.default\">\n\t\t\t\t<div class=\"elementor-widget-container\">\n\t\t\t\t\t<div class=\"elementor-button-wrapper\">\n\t\t\t<a href=\"https:\/\/raffaelestasi.be\/ifosup\/CMS1\/laspirout\/club\/\" class=\"elementor-button-link elementor-button elementor-size-lg\" role=\"button\">\n\t\t\t\t\t\t<span class=\"elementor-button-content-wrapper\">\n\t\t\t\t\t\t<span class=\"elementor-button-text\">Club<\/span>\n\t\t<\/span>\n\t\t\t\t\t<\/a>\n\t\t<\/div>\n\t\t\t\t<\/div>\n\t\t\t\t<\/div>\n\t\t\t\t\t<\/div>\n\t\t<\/div>\n\t\t\t\t<div class=\"elementor-column elementor-col-25 elementor-top-column elementor-element elementor-element-5f3ef41\" data-id=\"5f3ef41\" data-element_type=\"column\">\n\t\t\t<div class=\"elementor-widget-wrap elementor-element-populated\">\n\t\t\t\t\t\t\t\t<div class=\"elementor-element elementor-element-c2cec55 elementor-align-center elementor-widget elementor-widget-button\" data-id=\"c2cec55\" data-element_type=\"widget\" data-widget_type=\"button.default\">\n\t\t\t\t<div class=\"elementor-widget-container\">\n\t\t\t\t\t<div class=\"elementor-button-wrapper\">\n\t\t\t<a href=\"https:\/\/raffaelestasi.be\/ifosup\/CMS1\/laspirout\/club\/histoire\/\" class=\"elementor-button-link elementor-button elementor-size-lg\" role=\"button\">\n\t\t\t\t\t\t<span class=\"elementor-button-content-wrapper\">\n\t\t\t\t\t\t<span class=\"elementor-button-text\">Histoire<\/span>\n\t\t<\/span>\n\t\t\t\t\t<\/a>\n\t\t<\/div>\n\t\t\t\t<\/div>\n\t\t\t\t<\/div>\n\t\t\t\t\t<\/div>\n\t\t<\/div>\n\t\t\t\t<div class=\"elementor-column elementor-col-25 elementor-top-column elementor-element elementor-element-1deccb0\" data-id=\"1deccb0\" data-element_type=\"column\">\n\t\t\t<div class=\"elementor-widget-wrap elementor-element-populated\">\n\t\t\t\t\t\t\t\t<div class=\"elementor-element elementor-element-fe3a924 elementor-align-center elementor-widget elementor-widget-button\" data-id=\"fe3a924\" data-element_type=\"widget\" data-widget_type=\"button.default\">\n\t\t\t\t<div class=\"elementor-widget-container\">\n\t\t\t\t\t<div class=\"elementor-button-wrapper\">\n\t\t\t<a href=\"https:\/\/raffaelestasi.be\/ifosup\/CMS1\/laspirout\/club\/salles\/\" class=\"elementor-button-link elementor-button elementor-size-lg\" role=\"button\">\n\t\t\t\t\t\t<span class=\"elementor-button-content-wrapper\">\n\t\t\t\t\t\t<span class=\"elementor-button-text\">Salles<\/span>\n\t\t<\/span>\n\t\t\t\t\t<\/a>\n\t\t<\/div>\n\t\t\t\t<\/div>\n\t\t\t\t<\/div>\n\t\t\t\t\t<\/div>\n\t\t<\/div>\n\t\t\t\t<div class=\"elementor-column elementor-col-25 elementor-top-column elementor-element elementor-element-d88e187\" data-id=\"d88e187\" data-element_type=\"column\">\n\t\t\t<div class=\"elementor-widget-wrap elementor-element-populated\">\n\t\t\t\t\t\t\t\t<div class=\"elementor-element elementor-element-a0378f0 elementor-align-center elementor-widget elementor-widget-button\" data-id=\"a0378f0\" data-element_type=\"widget\" data-widget_type=\"button.default\">\n\t\t\t\t<div class=\"elementor-widget-container\">\n\t\t\t\t\t<div class=\"elementor-button-wrapper\">\n\t\t\t<a href=\"https:\/\/raffaelestasi.be\/ifosup\/CMS1\/laspirout\/club\/presse\/\" class=\"elementor-button-link elementor-button elementor-size-lg\" role=\"button\">\n\t\t\t\t\t\t<span class=\"elementor-button-content-wrapper\">\n\t\t\t\t\t\t<span class=\"elementor-button-text\">Presse<\/span>\n\t\t<\/span>\n\t\t\t\t\t<\/a>\n\t\t<\/div>\n\t\t\t\t<\/div>\n\t\t\t\t<\/div>\n\t\t\t\t\t<\/div>\n\t\t<\/div>\n\t\t\t\t\t\t\t<\/div>\n\t\t<\/section>\n\t\t\t\t<section class=\"elementor-section elementor-top-section elementor-element elementor-element-7e84e4e elementor-section-boxed elementor-section-height-default elementor-section-height-default\" data-id=\"7e84e4e\" data-element_type=\"section\">\n\t\t\t\t\t\t<div class=\"elementor-container elementor-column-gap-default\">\n\t\t\t\t\t<div class=\"elementor-column elementor-col-100 elementor-top-column elementor-element elementor-element-020f4d1\" data-id=\"020f4d1\" data-element_type=\"column\">\n\t\t\t<div class=\"elementor-widget-wrap elementor-element-populated\">\n\t\t\t\t\t\t\t\t<div class=\"elementor-element elementor-element-7843491 elementor-widget elementor-widget-spacer\" data-id=\"7843491\" data-element_type=\"widget\" data-widget_type=\"spacer.default\">\n\t\t\t\t<div class=\"elementor-widget-container\">\n\t\t\t<style>\/*! elementor - v3.6.5 - 27-04-2022 *\/\n.e-container.e-container--row .elementor-spacer-inner{width:var(--spacer-size)}.e-container.e-container--column .elementor-spacer-inner,.elementor-column .elementor-spacer-inner{height:var(--spacer-size)}<\/style>\t\t<div class=\"elementor-spacer\">\n\t\t\t<div class=\"elementor-spacer-inner\"><\/div>\n\t\t<\/div>\n\t\t\t\t<\/div>\n\t\t\t\t<\/div>\n\t\t\t\t\t<\/div>\n\t\t<\/div>\n\t\t\t\t\t\t\t<\/div>\n\t\t<\/section>\n\t\t\t\t<section class=\"elementor-section elementor-top-section elementor-element elementor-element-1005492b elementor-section-boxed elementor-section-height-default elementor-section-height-default\" data-id=\"1005492b\" data-element_type=\"section\">\n\t\t\t\t\t\t<div class=\"elementor-container elementor-column-gap-default\">\n\t\t\t\t\t<div class=\"elementor-column elementor-col-100 elementor-top-column elementor-element elementor-element-75ad8edc\" data-id=\"75ad8edc\" data-element_type=\"column\">\n\t\t\t<div class=\"elementor-widget-wrap elementor-element-populated\">\n\t\t\t\t\t\t\t\t<div class=\"elementor-element elementor-element-3119313 elementor-widget elementor-widget-heading\" data-id=\"3119313\" data-element_type=\"widget\" data-widget_type=\"heading.default\">\n\t\t\t\t<div class=\"elementor-widget-container\">\n\t\t\t<style>\/*! elementor - v3.6.5 - 27-04-2022 *\/\n.elementor-heading-title{padding:0;margin:0;line-height:1}.elementor-widget-heading .elementor-heading-title[class*=elementor-size-]>a{color:inherit;font-size:inherit;line-height:inherit}.elementor-widget-heading .elementor-heading-title.elementor-size-small{font-size:15px}.elementor-widget-heading .elementor-heading-title.elementor-size-medium{font-size:19px}.elementor-widget-heading .elementor-heading-title.elementor-size-large{font-size:29px}.elementor-widget-heading .elementor-heading-title.elementor-size-xl{font-size:39px}.elementor-widget-heading .elementor-heading-title.elementor-size-xxl{font-size:59px}<\/style><h2 class=\"elementor-heading-title elementor-size-default\">Les membres du comit\u00e9 du club<\/h2>\t\t<\/div>\n\t\t\t\t<\/div>\n\t\t\t\t<div class=\"elementor-element elementor-element-3dea9f91 elementor-widget elementor-widget-text-editor\" data-id=\"3dea9f91\" data-element_type=\"widget\" data-widget_type=\"text-editor.default\">\n\t\t\t\t<div class=\"elementor-widget-container\">\n\t\t\t<style>\/*! elementor - v3.6.5 - 27-04-2022 *\/\n.elementor-widget-text-editor.elementor-drop-cap-view-stacked .elementor-drop-cap{background-color:#818a91;color:#fff}.elementor-widget-text-editor.elementor-drop-cap-view-framed .elementor-drop-cap{color:#818a91;border:3px solid;background-color:transparent}.elementor-widget-text-editor:not(.elementor-drop-cap-view-default) .elementor-drop-cap{margin-top:8px}.elementor-widget-text-editor:not(.elementor-drop-cap-view-default) .elementor-drop-cap-letter{width:1em;height:1em}.elementor-widget-text-editor .elementor-drop-cap{float:left;text-align:center;line-height:1;font-size:50px}.elementor-widget-text-editor .elementor-drop-cap-letter{display:inline-block}<\/style>\t\t\t\t<h3><b>Pr\u00e9sident: <\/b><\/h3><p><b>VANDER VORST, Pierre<\/b><\/p><ul><li>mail: president@volley-chaumont.be<\/li><\/ul><h3><b>Secr\u00e9taire:\u00a0<\/b><\/h3><p><b>SCHMITT, Fr\u00e9d\u00e9ric<\/b><\/p><ul><li>mail: secretaire@volley-chaumont.be<\/li><\/ul><h3><b>Tr\u00e9sorier:\u00a0<\/b><\/h3><p><b>Luypaert, Michel\u00a0<\/b><\/p><ul><li>mail:\u00a0<span style=\"font-family: Pridi, Arial, Helvetica, sans-serif; font-size: 16px; font-style: normal;\">tresorier@volley-chaumont.be<\/span><\/li><\/ul><div><h3>Secr\u00e9taire des jeunes:<\/h3><p><b>Martin, Fabienne<\/b><\/p><ul><li>mail: responsable.jeunes@volley-chaumont.be<\/li><\/ul><div><h3>Directeur technique:<\/h3><p><b>Marcelis, Arnaud<\/b><\/p><ul style=\"font-family: Pridi, Arial, Helvetica, sans-serif; font-size: 16px; font-style: normal; font-weight: 400;\"><li style=\"font-size: 16px;\">mail: arnaud.marcelis@volley-chaumont.be<\/li><\/ul><div>\u00a0<\/div><div>\u00a0<\/div><div><h3>Les entraineurs<\/h3><div>Marie Moons<\/div><div>Charlotte Van Nuffel<\/div><div>Lucille Lambert<\/div><div>Alicia Collignon<\/div><div>Serge Kerres<\/div><div>Eric Leclef<\/div><div>Jonathan Lecouturier<\/div><div>Stephan Crabbe<\/div><div>Fr\u00e9d\u00e9ric Feron<\/div><div>S\u00e9bastien Humblet<\/div><div>Joaquim Delie<\/div><div>\u00a0<\/div><h3>Pr\u00e9parateur physique<\/h3><div>Jeremy Mandelaire<\/div><\/div><\/div><\/div><div>\u00a0<\/div><div>\u00a0<\/div><div>\u00a0<\/div><div>\u00a0<\/div><div>\u00a0<\/div>\t\t\t\t\t\t<\/div>\n\t\t\t\t<\/div>\n\t\t\t\t\t<\/div>\n\t\t<\/div>\n\t\t\t\t\t\t\t<\/div>\n\t\t<\/section>\n\t\t\t\t<section class=\"elementor-section elementor-top-section elementor-element elementor-element-b24c89f elementor-section-boxed elementor-section-height-default elementor-section-height-default\" data-id=\"b24c89f\" data-element_type=\"section\">\n\t\t\t\t\t\t<div class=\"elementor-container elementor-column-gap-default\">\n\t\t\t\t\t<div class=\"elementor-column elementor-col-33 elementor-top-column elementor-element elementor-element-e53ad17\" data-id=\"e53ad17\" data-element_type=\"column\">\n\t\t\t<div class=\"elementor-widget-wrap elementor-element-populated\">\n\t\t\t\t\t\t\t\t<div class=\"elementor-element elementor-element-75c1886 elementor-view-default elementor-widget elementor-widget-icon\" data-id=\"75c1886\" data-element_type=\"widget\" data-widget_type=\"icon.default\">\n\t\t\t\t<div class=\"elementor-widget-container\">\n\t\t\t\t\t<div class=\"elementor-icon-wrapper\">\n\t\t\t<a class=\"elementor-icon\" href=\"https:\/\/www.facebook.com\/LaSpirout\" target=\"_blank\">\n\t\t\t<i aria-hidden=\"true\" class=\"fab fa-facebook-square\"><\/i>\t\t\t<\/a>\n\t\t<\/div>\n\t\t\t\t<\/div>\n\t\t\t\t<\/div>\n\t\t\t\t\t<\/div>\n\t\t<\/div>\n\t\t\t\t<div class=\"elementor-column elementor-col-33 elementor-top-column elementor-element elementor-element-0ff5c8b\" data-id=\"0ff5c8b\" data-element_type=\"column\">\n\t\t\t<div class=\"elementor-widget-wrap elementor-element-populated\">\n\t\t\t\t\t\t\t\t<div class=\"elementor-element elementor-element-1d9f374 elementor-view-default elementor-widget elementor-widget-icon\" data-id=\"1d9f374\" data-element_type=\"widget\" data-widget_type=\"icon.default\">\n\t\t\t\t<div class=\"elementor-widget-container\">\n\t\t\t\t\t<div class=\"elementor-icon-wrapper\">\n\t\t\t<a class=\"elementor-icon\" href=\"https:\/\/www.instagram.com\/vccg_la_spirout\/\" target=\"_blank\">\n\t\t\t<i aria-hidden=\"true\" class=\"fab fa-instagram\"><\/i>\t\t\t<\/a>\n\t\t<\/div>\n\t\t\t\t<\/div>\n\t\t\t\t<\/div>\n\t\t\t\t\t<\/div>\n\t\t<\/div>\n\t\t\t\t<div class=\"elementor-column elementor-col-33 elementor-top-column elementor-element elementor-element-4238235\" data-id=\"4238235\" data-element_type=\"column\">\n\t\t\t<div class=\"elementor-widget-wrap elementor-element-populated\">\n\t\t\t\t\t\t\t\t<div class=\"elementor-element elementor-element-858211d elementor-view-default elementor-widget elementor-widget-icon\" data-id=\"858211d\" data-element_type=\"widget\" data-widget_type=\"icon.default\">\n\t\t\t\t<div class=\"elementor-widget-container\">\n\t\t\t\t\t<div class=\"elementor-icon-wrapper\">\n\t\t\t<a class=\"elementor-icon\" href=\"https:\/\/www.facebook.com\/OpenBeachChaumont\" target=\"_blank\">\n\t\t\t<i aria-hidden=\"true\" class=\"fab fa-facebook-f\"><\/i>\t\t\t<\/a>\n\t\t<\/div>\n\t\t\t\t<\/div>\n\t\t\t\t<\/div>\n\t\t\t\t\t<\/div>\n\t\t<\/div>\n\t\t\t\t\t\t\t<\/div>\n\t\t<\/section>\n\t\t\t\t\t\t\t<\/div>\n\t\t","protected":false},"excerpt":{"rendered":"<p>Club Histoire Salles Presse Les membres du comit\u00e9 du club Pr\u00e9sident: VANDER VORST, Pierre mail: president@volley-chaumont.be Secr\u00e9taire:\u00a0 SCHMITT, Fr\u00e9d\u00e9ric mail: secretaire@volley-chaumont.be Tr\u00e9sorier:\u00a0 Luypaert, Michel\u00a0 mail:\u00a0tresorier@volley-chaumont.be Secr\u00e9taire des jeunes: Martin, Fabienne mail: responsable.jeunes@volley-chaumont.be Directeur technique: Marcelis, Arnaud mail: arnaud.marcelis@volley-chaumont.be \u00a0\u00a0 Les entraineurs Marie MoonsCharlotte Van NuffelLucille LambertAlicia CollignonSerge KerresEric LeclefJonathan LecouturierStephan CrabbeFr\u00e9d\u00e9ric FeronS\u00e9bastien HumbletJoaquim Delie\u00a0 Pr\u00e9parateur [&hellip;]<\/p>\n","protected":false},"author":1,"featured_media":0,"parent":28,"menu_order":4,"comment_status":"closed","ping_status":"closed","template":"","meta":{"footnotes":""},"class_list":["post-43","page","type-page","status-publish","hentry"],"_links":{"self":[{"href":"https:\/\/raffaelestasi.be\/ifosup\/CMS1\/laspirout\/wp-json\/wp\/v2\/pages\/43","targetHints":{"allow":["GET"]}}],"collection":[{"href":"https:\/\/raffaelestasi.be\/ifosup\/CMS1\/laspirout\/wp-json\/wp\/v2\/pages"}],"about":[{"href":"https:\/\/raffaelestasi.be\/ifosup\/CMS1\/laspirout\/wp-json\/wp\/v2\/types\/page"}],"author":[{"embeddable":true,"href":"https:\/\/raffaelestasi.be\/ifosup\/CMS1\/laspirout\/wp-json\/wp\/v2\/users\/1"}],"replies":[{"embeddable":true,"href":"https:\/\/raffaelestasi.be\/ifosup\/CMS1\/laspirout\/wp-json\/wp\/v2\/comments?post=43"}],"version-history":[{"count":17,"href":"https:\/\/raffaelestasi.be\/ifosup\/CMS1\/laspirout\/wp-json\/wp\/v2\/pages\/43\/revisions"}],"predecessor-version":[{"id":515,"href":"https:\/\/raffaelestasi.be\/ifosup\/CMS1\/laspirout\/wp-json\/wp\/v2\/pages\/43\/revisions\/515"}],"up":[{"embeddable":true,"href":"https:\/\/raffaelestasi.be\/ifosup\/CMS1\/laspirout\/wp-json\/wp\/v2\/pages\/28"}],"wp:attachment":[{"href":"https:\/\/raffaelestasi.be\/ifosup\/CMS1\/laspirout\/wp-json\/wp\/v2\/media?parent=43"}],"curies":[{"name":"wp","href":"https:\/\/api.w.org\/{rel}","templated":true}]}}