{"id":68,"date":"2022-11-29T15:04:21","date_gmt":"2022-11-29T14:04:21","guid":{"rendered":"https:\/\/raffaelestasi.be\/ifosup\/CMS2\/mariage\/?page_id=68"},"modified":"2022-11-29T15:04:22","modified_gmt":"2022-11-29T14:04:22","slug":"aspects-legaux","status":"publish","type":"page","link":"https:\/\/raffaelestasi.be\/ifosup\/CMS2\/mariage\/aspects-legaux\/","title":{"rendered":"Aspects le\u0301gaux"},"content":{"rendered":"\n<p>Ce site a \u00e9t\u00e9 r\u00e9alis\u00e9 dans un cadre scolaire en tant qu&#8217;\u00e9tudiant et est a but non commercial.<br>Toutes les images se trouvant sur ce site proviennent de Google, sont libre de droit ou sont les images google map des lieux nommer.<br>Mentions\u00a0l\u00e9gales<br>Mariage des JuJu <br>De Raffaele Stasi<br>Mise \u00e0 jour le 27 novembre 2022<br>Parties et Objet:<br>Raffaele Stasi (ci-apr\u00e8s \u201cRaffaele Stasi\u201d ou le \u201cResponsable du Traitement\u201d)26, Chauss\u00e9e de Nivelles, 7181 Arquenne <\/p>\n\n\n\n<p>Mail : raffaele.stasi@outlook.com<\/p>\n\n\n\n<ol class=\"wp-block-list\" start=\"1\">\n<li><strong>Introduction<\/strong><br>Bienvenue sur le site officiel du Mariage des JuJu.<\/li>\n\n\n\n<li><strong>Editeur responsable<\/strong><br>L\u2019\u00e9diteur responsable du Mariage des JuJu est Corentin Raffaele Stasi postale pour toute correspondance : 26, Chauss\u00e9e de Nivelles, 7181 Arquenne <\/li>\n\n\n\n<li><strong>Informations<\/strong><br>Raffaele Stasi apporte beaucoup d\u2019attention \u00e0 l\u2019exactitude des donn\u00e9es contenues sur son site web. Si n\u00e9anmoins, l\u2019internaute trouvait une information incorrecte ou erron\u00e9e dans les pages, il peut le signaler en envoyant un courrier \u00e9lectronique \u00e0 : raffaele.stasi@outlook.com.<br>En aucun cas, la responsabilit\u00e9 de Raffaele Stasi ne pourra \u00eatre mis en cause du fait de l\u2019utilisation des informations fournies sur ce site ou de l\u2019absence d\u2019informations sp\u00e9cifiques.<br>Raffaele Stasi ne peut, par ailleurs, en aucun cas \u00eatre tenu responsable du contenu des sites r\u00e9f\u00e9renc\u00e9s. L\u2019agenda des \u00e9v\u00e9nements ou des activit\u00e9s renseign\u00e9s par des tiers et\/ou organis\u00e9s par des tiers le sont sous leur enti\u00e8re responsabilit\u00e9.<br>Les informations pr\u00e9sentes sur le site rev\u00eatent un caract\u00e8re officiel. Leur port\u00e9e n\u2019est toutefois qu\u2019informative. Seul un courrier rev\u00eatu de la double signature de Raffaele Stasi  peut engager du Mariage des JuJu.<br>Toute personne estimant qu\u2019une page du site, un lien vers un site externe ou un \u00e9v\u00e9nement organis\u00e9 par un tiers n\u2019est pas conforme aux valeurs du service public est invit\u00e9 \u00e0 le communiquer par email \u00e0 l\u2019adresse raffaele.stasi@outlook.com.<\/li>\n\n\n\n<li><strong>Acceptation des Conditions d\u2019Utilisation<\/strong><br>Les pr\u00e9sentes conditions d\u2019utilisation sont d\u2019application sur le site Internet Mariage des JuJu. A chaque fois que vous utilisez ou donnez acc\u00e8s \u00e0 ce site, vous donnez votre accord pour \u00eatre li\u00e9 \u00e0 ces Conditions d\u2019utilisation, qui peuvent subir des changements sans que nous soyons dans l\u2019obligation de vous les notifier. De plus, en utilisant un service sur, ou acc\u00e9d\u00e9 par, ce site, vous serez soumis \u00e0 toute r\u00e8gle li\u00e9e \u00e0 ce service qui sera consid\u00e9r\u00e9e d\u00e8s lors comme faisant partie des Conditions d\u2019utilisation. Merci de parcourir notre Politique de confidentialit\u00e9, qui fait \u00e9galement partie de nos Conditions d\u2019utilisation par r\u00e9f\u00e9rence.<\/li>\n\n\n\n<li><strong>Nos Services<\/strong><br>Ce site et les services propos\u00e9s sont fournis \u00ab TELS QUELS \u00bb. Vous reconnaissez aux propri\u00e9taires du site le droit, sans notification et ou d\u00e9dommagement aucun, de modifier ou suspendre ce site et ou ses services en totalit\u00e9 ou en partie, ainsi que de supprimer les donn\u00e9es que vous auriez fournies, de mani\u00e8re temporaire ou permanente. Nous ne serons en aucune fa\u00e7on responsables de l\u2019acc\u00e8s, de l\u2019exactitude, de la perte ou de la conservation des donn\u00e9es ou informations.<\/li>\n\n\n\n<li><strong>Politique de confidentialit\u00e9<\/strong><br>Les donn\u00e9es d\u2019enregistrement et autres informations que nous pourrions recueillir sont soumis aux termes de notre\u00a0Politique de Confidentialit\u00e9.<\/li>\n\n\n\n<li><strong>Droits r\u00e9serv\u00e9s<\/strong><br>Nous nous r\u00e9servons tous les droits, incluant mais non limit\u00e9 \u00e0 chacun et tous les copyrights, marques d\u00e9pos\u00e9es, brevets, secrets commerciaux, et n\u2019importe quel autre droit de la propri\u00e9t\u00e9 que nous pouvons avoir sur notre site Internet, son contenu, et les services qui peuvent y \u00eatre fournis. L\u2019utilisation de nos droits et propri\u00e9t\u00e9 exige notre consentement \u00e9crit pr\u00e9alable. Nous ne vous donnons aucune permission implicite ou explicite en vous rendant nos services accessibles, et vous n\u2019avez aucun droit de faire une quelconque utilisation commerciale de notre site Internet ou service sans notre consentement \u00e9crit pr\u00e9alable.<\/li>\n\n\n\n<li><strong>Copyright \/ Propri\u00e9t\u00e9 Intellectuelle \/ Droit d\u2019auteur<\/strong><br>L\u2019ensemble de ce site rel\u00e8ve de la l\u00e9gislation belge et internationale sur le droit d\u2019auteur et la propri\u00e9t\u00e9 intellectuelle. Tous les droits de reproduction sont r\u00e9serv\u00e9s, y compris pour les documents t\u00e9l\u00e9chargeables et les repr\u00e9sentations iconographiques et photographiques.<br>La reproduction de tout ou partie de ce site web sur un support \u00e9lectronique, quel qu\u2019il soit, est formellement interdite, sauf autorisation expresse de l\u2019\u00e9diteur responsable ou de son d\u00e9l\u00e9gu\u00e9.<br>La reproduction de textes sur un support papier est autoris\u00e9e sous r\u00e9serve du respect des 3 conditions suivantes :<br>La gratuit\u00e9 de la diffusion<br>Le respect de l\u2019int\u00e9grit\u00e9 des documents reproduits (pas de modification ni alt\u00e9ration)<br>La citation claire et lisible de la source sous la forme suivante : Source : site web Mariage des JuJu.<br>Pour toute autre utilisation des textes, il convient de contacter l\u2019\u00e9diteur responsable ou son d\u00e9l\u00e9gu\u00e9.<br>Si vous avez une raison de penser que votre propri\u00e9t\u00e9 intellectuelle a \u00e9t\u00e9 utilis\u00e9e de mani\u00e8re \u00e0 enfreindre votre copyright ou autres droits, contactez-nous.<br>Les photographies, textes, dessins et images sont prot\u00e9g\u00e9s par les droits de propri\u00e9t\u00e9 intellectuelle et sont la propri\u00e9t\u00e9 de Raffaele Stasi. Toute infraction \u00e0 ces droits entrainera des poursuites civiles ou p\u00e9nales. Les d\u00e9nominations, logos et autres signes utilis\u00e9s sur le site sont des marques et\/ou noms commerciaux l\u00e9galement prot\u00e9g\u00e9s. Tout usage de ceux-ci ou de signes ressemblants est strictement interdit sans un accord pr\u00e9alable et \u00e9crit.<\/li>\n\n\n\n<li><strong>Responsabilit\u00e9 quant au contenu<\/strong><br>Les webmasters apportent le plus grand soin \u00e0 la cr\u00e9ation et \u00e0 la mise \u00e0 jour de ce site, mais Raffaele Stasi ne peut toutefois pas garantir l\u2019exactitude de l\u2019information qui s\u2019y trouve. Les informations contenues dans ce site pourront faire l\u2019objet de modifications sans pr\u00e9avis. Les informations donn\u00e9es sur ce site ne sauraient engager la responsabilit\u00e9 de Raffaele Stasi, et Raffaele Stasi ne pourrait \u00eatre tenue pour responsable de toute omission, erreur ou lacune qui aurait pu se glisser dans ses pages ainsi que des cons\u00e9quences, quelles qu\u2019elles soient, pouvant r\u00e9sulter de l\u2019utilisation des informations et indications fournies.<\/li>\n\n\n\n<li><strong>Liens hypertextes<\/strong><br>Ce site peut permettre l\u2019\u00e9tablissement de liens vers des sites existants ou h\u00e9berg\u00e9s par des tiers. L\u2019existence de tels liens entre le site de Raffaele Stasi et les sites tiers ne signifie pas que Raffaele Stasi assume une quelconque garantie et responsabilit\u00e9 quant \u00e0 son contenu ou \u00e0 l\u2019usage qui peut en \u00eatre fait. Il incombe \u00e0 l\u2019utilisateur de prendre les pr\u00e9cautions n\u00e9cessaires pour s\u2019assurer de l\u2019absence de virus sur le site visit\u00e9.<\/li>\n\n\n\n<li><strong>H\u00e9bergement<\/strong><br>OVH2 rue Kellermann &#8211; 59100 Roubaix &#8211; FranceFR 22 424 761 419Mentions l\u00e9gales ovh\u00a0Site ovh<\/li>\n<\/ol>\n\n\n\n<p><strong>Politique en mati\u00e8re de cookies<\/strong><\/p>\n\n\n\n<p><strong>Introduction<\/strong><\/p>\n\n\n\n<p>Il n\u2019y a pas besoin de vous enregistrer pour visiter le site web du Mariage des JuJu. Cependant Le Mariage des JuJu utilise des cookies sur son site web.<br>Les cookies contiennent des petites quantit\u00e9s d\u2019informations et sont t\u00e9l\u00e9charg\u00e9s sur votre ordinateur ou un autre appareil. Votre navigateur envoie ensuite ces cookies vers le site \u00e0 chaque visite afin qu\u2019il puisse vous reconna\u00eetre en tant que visiteur unique et se souvenir de certaines informations telles que vos pr\u00e9f\u00e9rences d\u2019utilisateur.<br>Nous nous servons aussi des cookies pour produire des statistiques anonymes sur l\u2019utilisation de notre site web dans le but d\u2019en am\u00e9liorer la structure et le contenu. Ces donn\u00e9es statistiques ne permettent cependant pas de vous identifier personnellement.<br>Vous trouverez ci-dessous une description des cookies que nous utilisons.<br>Cookies techniques : Ces cookies sont essentiels au bon fonctionnement de notre site web. Ils vous permettent par exemple d\u2019exploiter certaines fonctionnalit\u00e9s du site. Les cookies techniques ne permettent pas de vous identifier personnellement. Si vous refusez ces cookies, il est possible que certaines parties du site web ne fonctionnent pas ou fonctionnent de fa\u00e7on incompl\u00e8te.<br>Cookies fonctionnels : Ces cookies m\u00e9morisent vos choix afin de personnaliser votre visite sur le site. Les cookies fonctionnels ne permettent pas de vous identifier personnellement. Si vous refusez ces cookies, il est possible que certaines parties du site web ne fonctionnent pas ou fonctionnent de fa\u00e7on incompl\u00e8te.<br>Cookies statistiques :Mariage des JuJu utilise Google Analytics afin d\u2019am\u00e9liorer l\u2019exp\u00e9rience utilisateur. Les adresses IP de chaque utilisateur sont anonymis\u00e9es et par cons\u00e9quent Google Analytics ne dispose pas de l\u2019adresse IP des utilisateurs.<\/p>\n\n\n\n<ol class=\"wp-block-list\" start=\"1\">\n<li><strong>Conservation de vos informations personnelles<\/strong><br>Cette Section 02 d\u00e9taille nos politiques de conservation des donn\u00e9es et nos proc\u00e9dures, con\u00e7ues pour nous aider \u00e0 nous conformer \u00e0 nos obligations l\u00e9gales concernant la conservation et la suppression d\u2019informations personnelles.<br>Les informations personnelles que nous traitons \u00e0 quelque fin que ce soit ne sont pas conserv\u00e9es plus longtemps que n\u00e9cessaire \u00e0 cette fin ou \u00e0 ces fins.<br>Sans pr\u00e9judice \u00e0 l\u2019article G-2, nous supprimerons g\u00e9n\u00e9ralement les donn\u00e9es personnelles de ces cat\u00e9gories \u00e0 la date et \u00e0 l\u2019heure pr\u00e9cis\u00e9es plus bas:<br>Les cookies li\u00e9s \u00e0 l\u2019utilisations de l\u2019affichage du Site : 7 \u00e0 15jours<br>Les cookies li\u00e9s \u00e0 l\u2019utilisations d\u2019un syst\u00e8me d\u2019analyse d\u2019audience de site Web : au plus tard 1ans apr\u00e8s leur premi\u00e8res utilisations.<br>Les informations personnelles renseign\u00e9es lors d\u2019une souscription \u00e0 un formulaire (de contact et\/ou de pr\u00e9-inscription) : Le temps de la prise en charge de l\u2019envoi d\u2019email.<br>Nonobstant les autres dispositions de cette Section 06, nous conserverons des documents (y compris des documents \u00e9lectroniques) contenant des donn\u00e9es personnelles:<br>Dans la mesure o\u00f9 nous sommes tenus de le faire par la loi;<br>Si nous pensons que les documents peuvent \u00eatre pertinents pour toute proc\u00e9dure judiciaire en cours ou potentielle;<br>Pour \u00e9tablir, exercer ou d\u00e9fendre nos droits l\u00e9gaux (y compris fournir des informations \u00e0 d\u2019autres \u00e0 des fins de pr\u00e9vention des fraudes et de r\u00e9duction des risques de cr\u00e9dit).<\/li>\n\n\n\n<li><strong>Gestion des Cookies<\/strong><br>La plupart des navigateurs vous permettent de refuser ou d\u2019accepter les cookies. Bloquer tous les cookies aura un impact n\u00e9gatif sur l\u2019utilisation de nombreux sites web. Si vous bloquez les cookies, vous ne pourrez pas utiliser toutes les fonctionnalit\u00e9s de notre site web. Pour plus de d\u00e9tails sur le param\u00e9trage de votre navigateur, consultez les instructions d\u2019utilisation ou les \u00e9crans d\u2019aide :<br>Firefox<br>Google<br>Safari<br>Internet Explorer<br>Supprimer les cookies aura un impact n\u00e9gatif sur l\u2019utilisation de nombreux sites web.<\/li>\n<\/ol>\n","protected":false},"excerpt":{"rendered":"<p>Ce site a \u00e9t\u00e9 r\u00e9alis\u00e9 dans un cadre scolaire en tant qu&#8217;\u00e9tudiant et est a but non commercial.Toutes les images se trouvant sur ce site proviennent de Google, sont libre de droit ou sont les images google map des lieux nommer.Mentions\u00a0l\u00e9galesMariage des JuJu De Raffaele StasiMise \u00e0 jour le 27 novembre 2022Parties et Objet:Raffaele Stasi &#8230; <a href=\"https:\/\/raffaelestasi.be\/ifosup\/CMS2\/mariage\/aspects-legaux\/\" class=\"more-link text-uppercase small\"><strong>Continue Reading<\/strong> <i class=\"fa fa-angle-double-right\" aria-hidden=\"true\"><\/i><\/a><\/p>\n","protected":false},"author":1,"featured_media":0,"parent":0,"menu_order":0,"comment_status":"closed","ping_status":"closed","template":"","meta":{"footnotes":""},"class_list":["post-68","page","type-page","status-publish","hentry"],"yoast_head":"<!-- This site is optimized with the Yoast SEO plugin v19.11 - https:\/\/yoast.com\/wordpress\/plugins\/seo\/ -->\n<title>Aspects l\u00e9gaux | Mariage des JuJu<\/title>\n<meta name=\"description\" content=\"Aspects l\u00e9gaux si site web le Mariage des JuJu fait le 29 novembre 2022 par l&#039;\u00e9tudient en web design Stasi Raffaele\" \/>\n<meta name=\"robots\" content=\"noindex, follow, max-snippet:-1, max-image-preview:large, max-video-preview:-1\" \/>\n<meta property=\"og:locale\" content=\"fr_FR\" \/>\n<meta property=\"og:type\" content=\"article\" \/>\n<meta property=\"og:title\" content=\"Aspects l\u00e9gaux | Mariage des JuJu\" \/>\n<meta property=\"og:description\" content=\"Aspects l\u00e9gaux si site web le Mariage des JuJu fait le 29 novembre 2022 par l&#039;\u00e9tudient en web design Stasi Raffaele\" \/>\n<meta property=\"og:url\" content=\"https:\/\/raffaelestasi.be\/ifosup\/CMS2\/mariage\/aspects-legaux\/\" \/>\n<meta property=\"og:site_name\" content=\"Mariage-des-JuJu\" \/>\n<meta property=\"article:modified_time\" content=\"2022-11-29T14:04:22+00:00\" \/>\n<meta name=\"twitter:card\" content=\"summary_large_image\" \/>\n<meta name=\"twitter:label1\" content=\"Dur\u00e9e de lecture est.\" \/>\n\t<meta name=\"twitter:data1\" content=\"9 minutes\" \/>\n<script type=\"application\/ld+json\" class=\"yoast-schema-graph\">{\"@context\":\"https:\/\/schema.org\",\"@graph\":[{\"@type\":\"WebPage\",\"@id\":\"https:\/\/raffaelestasi.be\/ifosup\/CMS2\/mariage\/aspects-legaux\/\",\"url\":\"https:\/\/raffaelestasi.be\/ifosup\/CMS2\/mariage\/aspects-legaux\/\",\"name\":\"Aspects l\u00e9gaux | Mariage des JuJu\",\"isPartOf\":{\"@id\":\"https:\/\/raffaelestasi.be\/ifosup\/CMS2\/mariage\/#website\"},\"datePublished\":\"2022-11-29T14:04:21+00:00\",\"dateModified\":\"2022-11-29T14:04:22+00:00\",\"description\":\"Aspects l\u00e9gaux si site web le Mariage des JuJu fait le 29 novembre 2022 par l'\u00e9tudient en web design Stasi Raffaele\",\"breadcrumb\":{\"@id\":\"https:\/\/raffaelestasi.be\/ifosup\/CMS2\/mariage\/aspects-legaux\/#breadcrumb\"},\"inLanguage\":\"fr-BE\",\"potentialAction\":[{\"@type\":\"ReadAction\",\"target\":[\"https:\/\/raffaelestasi.be\/ifosup\/CMS2\/mariage\/aspects-legaux\/\"]}]},{\"@type\":\"BreadcrumbList\",\"@id\":\"https:\/\/raffaelestasi.be\/ifosup\/CMS2\/mariage\/aspects-legaux\/#breadcrumb\",\"itemListElement\":[{\"@type\":\"ListItem\",\"position\":1,\"name\":\"Accueil\",\"item\":\"https:\/\/raffaelestasi.be\/ifosup\/CMS2\/mariage\/\"},{\"@type\":\"ListItem\",\"position\":2,\"name\":\"Aspects le\u0301gaux\"}]},{\"@type\":\"WebSite\",\"@id\":\"https:\/\/raffaelestasi.be\/ifosup\/CMS2\/mariage\/#website\",\"url\":\"https:\/\/raffaelestasi.be\/ifosup\/CMS2\/mariage\/\",\"name\":\"Mariage-des-JuJu\",\"description\":\"\",\"publisher\":{\"@id\":\"https:\/\/raffaelestasi.be\/ifosup\/CMS2\/mariage\/#\/schema\/person\/edf19692ea1f646b0e39d5c0ece47c09\"},\"potentialAction\":[{\"@type\":\"SearchAction\",\"target\":{\"@type\":\"EntryPoint\",\"urlTemplate\":\"https:\/\/raffaelestasi.be\/ifosup\/CMS2\/mariage\/?s={search_term_string}\"},\"query-input\":\"required name=search_term_string\"}],\"inLanguage\":\"fr-BE\"},{\"@type\":[\"Person\",\"Organization\"],\"@id\":\"https:\/\/raffaelestasi.be\/ifosup\/CMS2\/mariage\/#\/schema\/person\/edf19692ea1f646b0e39d5c0ece47c09\",\"name\":\"Raffaele\",\"image\":{\"@type\":\"ImageObject\",\"inLanguage\":\"fr-BE\",\"@id\":\"https:\/\/raffaelestasi.be\/ifosup\/CMS2\/mariage\/#\/schema\/person\/image\/\",\"url\":\"https:\/\/secure.gravatar.com\/avatar\/446f2d6add289762452775e8ca14542c3180eb508b1a665fa83f47efdd894cfa?s=96&d=mm&r=g\",\"contentUrl\":\"https:\/\/secure.gravatar.com\/avatar\/446f2d6add289762452775e8ca14542c3180eb508b1a665fa83f47efdd894cfa?s=96&d=mm&r=g\",\"caption\":\"Raffaele\"},\"logo\":{\"@id\":\"https:\/\/raffaelestasi.be\/ifosup\/CMS2\/mariage\/#\/schema\/person\/image\/\"},\"sameAs\":[\"https:\/\/raffaelestasi.be\/ifosup\/CMS2\/mariage\"]}]}<\/script>\n<!-- \/ Yoast SEO plugin. -->","yoast_head_json":{"title":"Aspects l\u00e9gaux | Mariage des JuJu","description":"Aspects l\u00e9gaux si site web le Mariage des JuJu fait le 29 novembre 2022 par l'\u00e9tudient en web design Stasi Raffaele","robots":{"index":"noindex","follow":"follow","max-snippet":"max-snippet:-1","max-image-preview":"max-image-preview:large","max-video-preview":"max-video-preview:-1"},"og_locale":"fr_FR","og_type":"article","og_title":"Aspects l\u00e9gaux | Mariage des JuJu","og_description":"Aspects l\u00e9gaux si site web le Mariage des JuJu fait le 29 novembre 2022 par l'\u00e9tudient en web design Stasi Raffaele","og_url":"https:\/\/raffaelestasi.be\/ifosup\/CMS2\/mariage\/aspects-legaux\/","og_site_name":"Mariage-des-JuJu","article_modified_time":"2022-11-29T14:04:22+00:00","twitter_card":"summary_large_image","twitter_misc":{"Dur\u00e9e de lecture est.":"9 minutes"},"schema":{"@context":"https:\/\/schema.org","@graph":[{"@type":"WebPage","@id":"https:\/\/raffaelestasi.be\/ifosup\/CMS2\/mariage\/aspects-legaux\/","url":"https:\/\/raffaelestasi.be\/ifosup\/CMS2\/mariage\/aspects-legaux\/","name":"Aspects l\u00e9gaux | Mariage des JuJu","isPartOf":{"@id":"https:\/\/raffaelestasi.be\/ifosup\/CMS2\/mariage\/#website"},"datePublished":"2022-11-29T14:04:21+00:00","dateModified":"2022-11-29T14:04:22+00:00","description":"Aspects l\u00e9gaux si site web le Mariage des JuJu fait le 29 novembre 2022 par l'\u00e9tudient en web design Stasi Raffaele","breadcrumb":{"@id":"https:\/\/raffaelestasi.be\/ifosup\/CMS2\/mariage\/aspects-legaux\/#breadcrumb"},"inLanguage":"fr-BE","potentialAction":[{"@type":"ReadAction","target":["https:\/\/raffaelestasi.be\/ifosup\/CMS2\/mariage\/aspects-legaux\/"]}]},{"@type":"BreadcrumbList","@id":"https:\/\/raffaelestasi.be\/ifosup\/CMS2\/mariage\/aspects-legaux\/#breadcrumb","itemListElement":[{"@type":"ListItem","position":1,"name":"Accueil","item":"https:\/\/raffaelestasi.be\/ifosup\/CMS2\/mariage\/"},{"@type":"ListItem","position":2,"name":"Aspects le\u0301gaux"}]},{"@type":"WebSite","@id":"https:\/\/raffaelestasi.be\/ifosup\/CMS2\/mariage\/#website","url":"https:\/\/raffaelestasi.be\/ifosup\/CMS2\/mariage\/","name":"Mariage-des-JuJu","description":"","publisher":{"@id":"https:\/\/raffaelestasi.be\/ifosup\/CMS2\/mariage\/#\/schema\/person\/edf19692ea1f646b0e39d5c0ece47c09"},"potentialAction":[{"@type":"SearchAction","target":{"@type":"EntryPoint","urlTemplate":"https:\/\/raffaelestasi.be\/ifosup\/CMS2\/mariage\/?s={search_term_string}"},"query-input":"required name=search_term_string"}],"inLanguage":"fr-BE"},{"@type":["Person","Organization"],"@id":"https:\/\/raffaelestasi.be\/ifosup\/CMS2\/mariage\/#\/schema\/person\/edf19692ea1f646b0e39d5c0ece47c09","name":"Raffaele","image":{"@type":"ImageObject","inLanguage":"fr-BE","@id":"https:\/\/raffaelestasi.be\/ifosup\/CMS2\/mariage\/#\/schema\/person\/image\/","url":"https:\/\/secure.gravatar.com\/avatar\/446f2d6add289762452775e8ca14542c3180eb508b1a665fa83f47efdd894cfa?s=96&d=mm&r=g","contentUrl":"https:\/\/secure.gravatar.com\/avatar\/446f2d6add289762452775e8ca14542c3180eb508b1a665fa83f47efdd894cfa?s=96&d=mm&r=g","caption":"Raffaele"},"logo":{"@id":"https:\/\/raffaelestasi.be\/ifosup\/CMS2\/mariage\/#\/schema\/person\/image\/"},"sameAs":["https:\/\/raffaelestasi.be\/ifosup\/CMS2\/mariage"]}]}},"_links":{"self":[{"href":"https:\/\/raffaelestasi.be\/ifosup\/CMS2\/mariage\/wp-json\/wp\/v2\/pages\/68","targetHints":{"allow":["GET"]}}],"collection":[{"href":"https:\/\/raffaelestasi.be\/ifosup\/CMS2\/mariage\/wp-json\/wp\/v2\/pages"}],"about":[{"href":"https:\/\/raffaelestasi.be\/ifosup\/CMS2\/mariage\/wp-json\/wp\/v2\/types\/page"}],"author":[{"embeddable":true,"href":"https:\/\/raffaelestasi.be\/ifosup\/CMS2\/mariage\/wp-json\/wp\/v2\/users\/1"}],"replies":[{"embeddable":true,"href":"https:\/\/raffaelestasi.be\/ifosup\/CMS2\/mariage\/wp-json\/wp\/v2\/comments?post=68"}],"version-history":[{"count":1,"href":"https:\/\/raffaelestasi.be\/ifosup\/CMS2\/mariage\/wp-json\/wp\/v2\/pages\/68\/revisions"}],"predecessor-version":[{"id":69,"href":"https:\/\/raffaelestasi.be\/ifosup\/CMS2\/mariage\/wp-json\/wp\/v2\/pages\/68\/revisions\/69"}],"wp:attachment":[{"href":"https:\/\/raffaelestasi.be\/ifosup\/CMS2\/mariage\/wp-json\/wp\/v2\/media?parent=68"}],"curies":[{"name":"wp","href":"https:\/\/api.w.org\/{rel}","templated":true}]}}